{"id":2251,"date":"2020-07-10T11:23:49","date_gmt":"2020-07-10T17:23:49","guid":{"rendered":"https:\/\/wa.officeconfort.mx\/?post_type=product&#038;p=2251"},"modified":"2026-03-29T18:04:55","modified_gmt":"2026-03-30T00:04:55","slug":"futbolito-optimus","status":"publish","type":"product","link":"https:\/\/futbolitosmexico.com\/movil\/futbolitos\/futbolitos-mecanicos\/futbolito-optimus\/","title":{"rendered":"OPTIMUS"},"content":{"rendered":"<p>Caracter\u00edsticas:<\/p>\n<ul>\n<li>Fabricado con madera de pino y triplay.<\/li>\n<li>Cancha y piso fabricado en MDF.<\/li>\n<li>El mu\u00f1eco esta fabricado con aluminio y boro, materiales que los hacen resistentes a golpes.<\/li>\n<li>Varilla de 9\/16. Monedero \u00a0mec\u00e1nico con moneda de $ 1, $ 2 y $ 5 pesos.<\/li>\n<li>Garant\u00eda de 1 mes por defectos de f\u00e1brica.<\/li>\n<\/ul>\n<p>Medidas:<\/p>\n<ul>\n<li>1.45 mts de largo<\/li>\n<li>80 cm de ancho<\/li>\n<li>90 cm de alto<\/li>\n<\/ul>\n<p><img loading=\"lazy\" decoding=\"async\" class=\"alignnone wp-image-2332 size-full\" src=\"https:\/\/wa.officeconfort.mx\/wp-content\/uploads\/2020\/07\/muestrario_futbolitos-1.png\" alt=\"\" width=\"619\" height=\"721\" srcset=\"https:\/\/futbolitosmexico.com\/movil\/wp-content\/uploads\/2020\/07\/muestrario_futbolitos-1.png 619w, https:\/\/futbolitosmexico.com\/movil\/wp-content\/uploads\/2020\/07\/muestrario_futbolitos-1-600x699.png 600w, https:\/\/futbolitosmexico.com\/movil\/wp-content\/uploads\/2020\/07\/muestrario_futbolitos-1-258x300.png 258w\" sizes=\"auto, (max-width: 619px) 100vw, 619px\" \/><\/p>\n","protected":false},"excerpt":{"rendered":"<p>Caracter\u00edsticas: Fabricado con madera de pino y triplay. Cancha y piso fabricado en MDF. El mu\u00f1eco esta fabricado con aluminio y boro, materiales que los hacen resistentes a golpes. Varilla de 9\/16. Monedero \u00a0mec\u00e1nico con moneda de $ 1, $ 2 y $ 5 pesos. Garant\u00eda de 1 mes por defectos de f\u00e1brica. Medidas: 1.45 [&hellip;]<\/p>\n","protected":false},"featured_media":2438,"comment_status":"open","ping_status":"closed","template":"","meta":[],"product_brand":[],"product_cat":[49],"product_tag":[],"class_list":{"0":"post-2251","1":"product","2":"type-product","3":"status-publish","4":"has-post-thumbnail","6":"product_cat-futbolitos-mecanicos","8":"first","9":"instock","10":"taxable","11":"shipping-taxable","12":"purchasable","13":"product-type-simple"},"yoast_head":"<!-- This site is optimized with the Yoast SEO plugin v25.1 - https:\/\/yoast.com\/wordpress\/plugins\/seo\/ -->\n<title>Futbolito Mec\u00e1nico Optimus - Futbolitos M\u00e9xico<\/title>\n<meta name=\"description\" content=\"Futbolito Mec\u00e1nico Optimus\" \/>\n<meta name=\"robots\" content=\"index, follow, max-snippet:-1, max-image-preview:large, max-video-preview:-1\" \/>\n<link rel=\"canonical\" href=\"https:\/\/futbolitosmexico.com\/movil\/futbolitos\/futbolitos-mecanicos\/futbolito-optimus\/\" \/>\n<meta property=\"og:locale\" content=\"es_MX\" \/>\n<meta property=\"og:type\" content=\"article\" \/>\n<meta property=\"og:title\" content=\"Futbolito Mec\u00e1nico Optimus - Futbolitos M\u00e9xico\" \/>\n<meta property=\"og:description\" content=\"Futbolito Mec\u00e1nico Optimus\" \/>\n<meta property=\"og:url\" content=\"https:\/\/futbolitosmexico.com\/movil\/futbolitos\/futbolitos-mecanicos\/futbolito-optimus\/\" \/>\n<meta property=\"og:site_name\" content=\"Futbolitos M\u00e9xico\" \/>\n<meta property=\"article:modified_time\" content=\"2026-03-30T00:04:55+00:00\" \/>\n<meta property=\"og:image\" content=\"https:\/\/futbolitosmexico.com\/movil\/wp-content\/uploads\/2020\/07\/optimus_atomik-850x850-2.jpg\" \/>\n\t<meta property=\"og:image:width\" content=\"600\" \/>\n\t<meta property=\"og:image:height\" content=\"600\" \/>\n\t<meta property=\"og:image:type\" content=\"image\/jpeg\" \/>\n<meta name=\"twitter:card\" content=\"summary_large_image\" \/>\n<script type=\"application\/ld+json\" class=\"yoast-schema-graph\">{\"@context\":\"https:\/\/schema.org\",\"@graph\":[{\"@type\":\"WebPage\",\"@id\":\"https:\/\/futbolitosmexico.com\/movil\/futbolitos\/futbolitos-mecanicos\/futbolito-optimus\/\",\"url\":\"https:\/\/futbolitosmexico.com\/movil\/futbolitos\/futbolitos-mecanicos\/futbolito-optimus\/\",\"name\":\"Futbolito Mec\u00e1nico Optimus - Futbolitos M\u00e9xico\",\"isPartOf\":{\"@id\":\"https:\/\/futbolitosmexico.com\/movil\/#website\"},\"primaryImageOfPage\":{\"@id\":\"https:\/\/futbolitosmexico.com\/movil\/futbolitos\/futbolitos-mecanicos\/futbolito-optimus\/#primaryimage\"},\"image\":{\"@id\":\"https:\/\/futbolitosmexico.com\/movil\/futbolitos\/futbolitos-mecanicos\/futbolito-optimus\/#primaryimage\"},\"thumbnailUrl\":\"https:\/\/futbolitosmexico.com\/movil\/wp-content\/uploads\/2020\/07\/optimus_atomik-850x850-2.jpg\",\"datePublished\":\"2020-07-10T17:23:49+00:00\",\"dateModified\":\"2026-03-30T00:04:55+00:00\",\"description\":\"Futbolito Mec\u00e1nico Optimus\",\"breadcrumb\":{\"@id\":\"https:\/\/futbolitosmexico.com\/movil\/futbolitos\/futbolitos-mecanicos\/futbolito-optimus\/#breadcrumb\"},\"inLanguage\":\"es\",\"potentialAction\":[{\"@type\":\"ReadAction\",\"target\":[\"https:\/\/futbolitosmexico.com\/movil\/futbolitos\/futbolitos-mecanicos\/futbolito-optimus\/\"]}]},{\"@type\":\"ImageObject\",\"inLanguage\":\"es\",\"@id\":\"https:\/\/futbolitosmexico.com\/movil\/futbolitos\/futbolitos-mecanicos\/futbolito-optimus\/#primaryimage\",\"url\":\"https:\/\/futbolitosmexico.com\/movil\/wp-content\/uploads\/2020\/07\/optimus_atomik-850x850-2.jpg\",\"contentUrl\":\"https:\/\/futbolitosmexico.com\/movil\/wp-content\/uploads\/2020\/07\/optimus_atomik-850x850-2.jpg\",\"width\":600,\"height\":600},{\"@type\":\"BreadcrumbList\",\"@id\":\"https:\/\/futbolitosmexico.com\/movil\/futbolitos\/futbolitos-mecanicos\/futbolito-optimus\/#breadcrumb\",\"itemListElement\":[{\"@type\":\"ListItem\",\"position\":1,\"name\":\"Inicio\",\"item\":\"https:\/\/futbolitosmexico.com\/movil\/\"},{\"@type\":\"ListItem\",\"position\":2,\"name\":\"Tienda\",\"item\":\"https:\/\/futbolitosmexico.com\/movil\/tienda\/\"},{\"@type\":\"ListItem\",\"position\":3,\"name\":\"OPTIMUS\"}]},{\"@type\":\"WebSite\",\"@id\":\"https:\/\/futbolitosmexico.com\/movil\/#website\",\"url\":\"https:\/\/futbolitosmexico.com\/movil\/\",\"name\":\"Futbolitos M\u00e9xico\",\"description\":\"\",\"publisher\":{\"@id\":\"https:\/\/futbolitosmexico.com\/movil\/#organization\"},\"potentialAction\":[{\"@type\":\"SearchAction\",\"target\":{\"@type\":\"EntryPoint\",\"urlTemplate\":\"https:\/\/futbolitosmexico.com\/movil\/?s={search_term_string}\"},\"query-input\":{\"@type\":\"PropertyValueSpecification\",\"valueRequired\":true,\"valueName\":\"search_term_string\"}}],\"inLanguage\":\"es\"},{\"@type\":\"Organization\",\"@id\":\"https:\/\/futbolitosmexico.com\/movil\/#organization\",\"name\":\"Atomik\",\"url\":\"https:\/\/futbolitosmexico.com\/movil\/\",\"logo\":{\"@type\":\"ImageObject\",\"inLanguage\":\"es\",\"@id\":\"https:\/\/futbolitosmexico.com\/movil\/#\/schema\/logo\/image\/\",\"url\":\"https:\/\/futbolitosmexico.com\/movil\/wp-content\/uploads\/2018\/12\/logo_official.png\",\"contentUrl\":\"https:\/\/futbolitosmexico.com\/movil\/wp-content\/uploads\/2018\/12\/logo_official.png\",\"width\":240,\"height\":120,\"caption\":\"Atomik\"},\"image\":{\"@id\":\"https:\/\/futbolitosmexico.com\/movil\/#\/schema\/logo\/image\/\"}}]}<\/script>\n<!-- \/ Yoast SEO plugin. -->","yoast_head_json":{"title":"Futbolito Mec\u00e1nico Optimus - Futbolitos M\u00e9xico","description":"Futbolito Mec\u00e1nico Optimus","robots":{"index":"index","follow":"follow","max-snippet":"max-snippet:-1","max-image-preview":"max-image-preview:large","max-video-preview":"max-video-preview:-1"},"canonical":"https:\/\/futbolitosmexico.com\/movil\/futbolitos\/futbolitos-mecanicos\/futbolito-optimus\/","og_locale":"es_MX","og_type":"article","og_title":"Futbolito Mec\u00e1nico Optimus - Futbolitos M\u00e9xico","og_description":"Futbolito Mec\u00e1nico Optimus","og_url":"https:\/\/futbolitosmexico.com\/movil\/futbolitos\/futbolitos-mecanicos\/futbolito-optimus\/","og_site_name":"Futbolitos M\u00e9xico","article_modified_time":"2026-03-30T00:04:55+00:00","og_image":[{"width":600,"height":600,"url":"https:\/\/futbolitosmexico.com\/movil\/wp-content\/uploads\/2020\/07\/optimus_atomik-850x850-2.jpg","type":"image\/jpeg"}],"twitter_card":"summary_large_image","schema":{"@context":"https:\/\/schema.org","@graph":[{"@type":"WebPage","@id":"https:\/\/futbolitosmexico.com\/movil\/futbolitos\/futbolitos-mecanicos\/futbolito-optimus\/","url":"https:\/\/futbolitosmexico.com\/movil\/futbolitos\/futbolitos-mecanicos\/futbolito-optimus\/","name":"Futbolito Mec\u00e1nico Optimus - Futbolitos M\u00e9xico","isPartOf":{"@id":"https:\/\/futbolitosmexico.com\/movil\/#website"},"primaryImageOfPage":{"@id":"https:\/\/futbolitosmexico.com\/movil\/futbolitos\/futbolitos-mecanicos\/futbolito-optimus\/#primaryimage"},"image":{"@id":"https:\/\/futbolitosmexico.com\/movil\/futbolitos\/futbolitos-mecanicos\/futbolito-optimus\/#primaryimage"},"thumbnailUrl":"https:\/\/futbolitosmexico.com\/movil\/wp-content\/uploads\/2020\/07\/optimus_atomik-850x850-2.jpg","datePublished":"2020-07-10T17:23:49+00:00","dateModified":"2026-03-30T00:04:55+00:00","description":"Futbolito Mec\u00e1nico Optimus","breadcrumb":{"@id":"https:\/\/futbolitosmexico.com\/movil\/futbolitos\/futbolitos-mecanicos\/futbolito-optimus\/#breadcrumb"},"inLanguage":"es","potentialAction":[{"@type":"ReadAction","target":["https:\/\/futbolitosmexico.com\/movil\/futbolitos\/futbolitos-mecanicos\/futbolito-optimus\/"]}]},{"@type":"ImageObject","inLanguage":"es","@id":"https:\/\/futbolitosmexico.com\/movil\/futbolitos\/futbolitos-mecanicos\/futbolito-optimus\/#primaryimage","url":"https:\/\/futbolitosmexico.com\/movil\/wp-content\/uploads\/2020\/07\/optimus_atomik-850x850-2.jpg","contentUrl":"https:\/\/futbolitosmexico.com\/movil\/wp-content\/uploads\/2020\/07\/optimus_atomik-850x850-2.jpg","width":600,"height":600},{"@type":"BreadcrumbList","@id":"https:\/\/futbolitosmexico.com\/movil\/futbolitos\/futbolitos-mecanicos\/futbolito-optimus\/#breadcrumb","itemListElement":[{"@type":"ListItem","position":1,"name":"Inicio","item":"https:\/\/futbolitosmexico.com\/movil\/"},{"@type":"ListItem","position":2,"name":"Tienda","item":"https:\/\/futbolitosmexico.com\/movil\/tienda\/"},{"@type":"ListItem","position":3,"name":"OPTIMUS"}]},{"@type":"WebSite","@id":"https:\/\/futbolitosmexico.com\/movil\/#website","url":"https:\/\/futbolitosmexico.com\/movil\/","name":"Futbolitos M\u00e9xico","description":"","publisher":{"@id":"https:\/\/futbolitosmexico.com\/movil\/#organization"},"potentialAction":[{"@type":"SearchAction","target":{"@type":"EntryPoint","urlTemplate":"https:\/\/futbolitosmexico.com\/movil\/?s={search_term_string}"},"query-input":{"@type":"PropertyValueSpecification","valueRequired":true,"valueName":"search_term_string"}}],"inLanguage":"es"},{"@type":"Organization","@id":"https:\/\/futbolitosmexico.com\/movil\/#organization","name":"Atomik","url":"https:\/\/futbolitosmexico.com\/movil\/","logo":{"@type":"ImageObject","inLanguage":"es","@id":"https:\/\/futbolitosmexico.com\/movil\/#\/schema\/logo\/image\/","url":"https:\/\/futbolitosmexico.com\/movil\/wp-content\/uploads\/2018\/12\/logo_official.png","contentUrl":"https:\/\/futbolitosmexico.com\/movil\/wp-content\/uploads\/2018\/12\/logo_official.png","width":240,"height":120,"caption":"Atomik"},"image":{"@id":"https:\/\/futbolitosmexico.com\/movil\/#\/schema\/logo\/image\/"}}]}},"_links":{"self":[{"href":"https:\/\/futbolitosmexico.com\/movil\/wp-json\/wp\/v2\/product\/2251","targetHints":{"allow":["GET"]}}],"collection":[{"href":"https:\/\/futbolitosmexico.com\/movil\/wp-json\/wp\/v2\/product"}],"about":[{"href":"https:\/\/futbolitosmexico.com\/movil\/wp-json\/wp\/v2\/types\/product"}],"replies":[{"embeddable":true,"href":"https:\/\/futbolitosmexico.com\/movil\/wp-json\/wp\/v2\/comments?post=2251"}],"wp:featuredmedia":[{"embeddable":true,"href":"https:\/\/futbolitosmexico.com\/movil\/wp-json\/wp\/v2\/media\/2438"}],"wp:attachment":[{"href":"https:\/\/futbolitosmexico.com\/movil\/wp-json\/wp\/v2\/media?parent=2251"}],"wp:term":[{"taxonomy":"product_brand","embeddable":true,"href":"https:\/\/futbolitosmexico.com\/movil\/wp-json\/wp\/v2\/product_brand?post=2251"},{"taxonomy":"product_cat","embeddable":true,"href":"https:\/\/futbolitosmexico.com\/movil\/wp-json\/wp\/v2\/product_cat?post=2251"},{"taxonomy":"product_tag","embeddable":true,"href":"https:\/\/futbolitosmexico.com\/movil\/wp-json\/wp\/v2\/product_tag?post=2251"}],"curies":[{"name":"wp","href":"https:\/\/api.w.org\/{rel}","templated":true}]}}