{"id":2574,"date":"2020-07-17T15:27:40","date_gmt":"2020-07-17T21:27:40","guid":{"rendered":"https:\/\/futbolitosmexico.com\/movil\/?page_id=2574"},"modified":"2020-07-17T15:27:40","modified_gmt":"2020-07-17T21:27:40","slug":"aviso-de-privacidad","status":"publish","type":"page","link":"https:\/\/futbolitosmexico.com\/movil\/aviso-de-privacidad\/","title":{"rendered":"Aviso de Privacidad"},"content":{"rendered":"<div>\n<h1>Aviso Privacidad<\/h1>\n<\/div>\n<div>\n<div><\/div>\n<div>\n<div>Es inter\u00e9s de Empresa Especializada en Entretenimientos, S.A. de C.V., de sus empresas subsidiarias o controladas (en lo sucesivo de manera conjunta o en lo individual \u201cGRUPO E4\u201d), dar cumplimiento a todos y cada uno de los ordenamientos legales que regulan su actividad, particularmente a lo dispuesto en la Ley Federal de Protecci\u00f3n de Datos Personales en Posesi\u00f3n de los Particulares, (en adelante la \u201cLey\u201d).<\/p>\n<p>El siguiente aviso de privacidad (en adelante el \u201cAviso\u201d) pretende confirmarle las caracter\u00edsticas bajo las cuales sus datos personales (en adelante los \u201cDatos Personales\u201d), aun los sensibles, que GRUPO E4 ha obtenido de las solicitudes y otros medios con motivo de la prestaci\u00f3n de sus servicios, se mantienen resguardados celosamente y con car\u00e1cter confidencial, previo a la entrada en vigor de la Ley.<\/p>\n<p>I.Identidad y Domicilio de GRUPO E4.<br \/>\nGRUPO E4, con domicilio EN 11VA CDA. DE SABINO NO.7 COL. ATLAMPA, DELEGACI\u00d3N CUAUHT\u00c9MOC, M\u00c9XICO, D.F., 06400, correo electr\u00f3nico grupoe4@prodigy.net.mx, con n\u00famero telef\u00f3nico (55) 5541-0017, en la ciudad de M\u00e9xico, es responsable del tratamiento de sus Datos Personales.<\/p>\n<p>II.Tratamiento de los Datos Personales.<br \/>\nGRUPO E4 est\u00e1 comprometido a salvaguardar la confidencialidad de los Datos Personales de tal manera que su privacidad est\u00e9 protegida en t\u00e9rminos de la Ley. Los Datos Personales s\u00f3lo ser\u00e1n utilizados para: (i) proveer servicios relacionados con la funci\u00f3n de GRUPO E4, (ii) informar sobre nuevos productos o servicios estrictamente relacionados con el producto o servicio contratado con GRUPO E4, (iii) dar cumplimiento a obligaciones contra\u00eddas con nuestros clientes, e (iv) Informar sobre los cambios de los productos o servicios de GRUPO E4.<\/p>\n<p>III.Opciones y medios que GRUPO E4 ofrece para limitar el uso o divulgaci\u00f3n de los Datos Personales.<br \/>\nEn GRUPO E4, usted puede limitar el uso o divulgaci\u00f3n de los Datos Personales, as\u00ed como la posibilidad de solicitar la cancelaci\u00f3n de env\u00edo de mensajes a trav\u00e9s de los diferentes medios que GRUPO E4 utilice, para lo cual el procedimiento consiste en enviar su solicitud v\u00eda correo electr\u00f3nico a grupoe4@prodigy.net.mx o comunicarse al tel\u00e9fono (55) 5541-0017, en la ciudad de M\u00e9xico, Distrito Federal.<br \/>\nAl acceder a nuestros sitios en internet GRUPO E4, se generan archivos denominados cookies, los cuales contienen informaci\u00f3n que se env\u00eda a su equipo de c\u00f3mputo y que utilizamos para obtener sus Datos Personales, misma que queda almacenada en el disco duro de su equipo. La mayor\u00eda de las cookies, expiran despu\u00e9s de un per\u00edodo determinado. En este sentido, usted puede borrar la cookies en el momento que as\u00ed lo desee o solicitar a su navegador de internet la notificaci\u00f3n de cuando reciba una cookie de manera que pueda aceptarla o rechazarla.<\/p>\n<p>IV.Medios para ejercer los derechos de acceso, rectificaci\u00f3n, cancelaci\u00f3n u oposici\u00f3n de los Datos Personales.<br \/>\nEn GRUPO E4, usted tiene el derecho de acceder a sus Datos Personales que poseemos, as\u00ed como a rectificarlos en caso de ser inexactos o incompletos; cancelarlos cuando resulten innecesarios para las finalidades que justificaron su obtenci\u00f3n u oponerse al tratamiento de los mismos para fines espec\u00edficos.<br \/>\nEl mecanismo que GRUPO E4 ha implementado para el ejercicio de sus derechos, es a trav\u00e9s de la presentaci\u00f3n de una solicitud a la Unidad de Protecci\u00f3n de Datos Personales creada para el cumplimiento de la Ley, encontr\u00e1ndose ubicada en 11va Cda. de Sabino No.7 Col. Atlampa, Delegaci\u00f3n Cuauht\u00e9moc, M\u00e9xico, D.F., 06400. Asimismo, de requerir mayor informaci\u00f3n sobre los derechos de acceso, rectificaci\u00f3n, cancelaci\u00f3n u oposici\u00f3n de sus Datos Personales, favor de comunicarse a dicha Unidad al tel\u00e9fono (55) 5541-0017, en la ciudad de M\u00e9xico, Distrito Federal.<\/p>\n<p>V.Transferencia de los Datos Personales.<br \/>\nDe ser necesario, GRUPO E4, podr\u00e1 compartir Datos Personales con sus proveedores de servicios contratados y cuando lo considere conveniente, con terceras personas, para la realizaci\u00f3n de las actividades vinculadas a los productos y servicios que GRUPO E4 ofrece, pudiendo ser transferidos dichos Datos Personales y tratados dentro y fuera del pa\u00eds. En todo caso, dichos sujetos se responsabilizar\u00e1n en la misma forma sobre la confidencialidad a la que est\u00e1 sujeto GRUPO E4. Adicionalmente, GRUPO E4 podr\u00e1 revelar los Datos Personales que alguna ley as\u00ed lo exija o bien cuando lo soliciten las autoridades competentes en t\u00e9rminos de la legislaci\u00f3n aplicable. &lt;\/p&gt;<br \/>\nGRUPO E4 no transfiere sus Datos Personales a terceros sin su consentimiento, salvo por las excepciones previstas en el art\u00edculo 37 de la Ley. Para efectos de aceptaci\u00f3n de los t\u00e9rminos y condiciones ponemos a su disposici\u00f3n los siguientes medios: i) Firma aut\u00f3grafa y ii) V\u00eda electr\u00f3nica a trav\u00e9s de nuestros sitios en Internet.<\/p>\n<p>VI.Procedimiento y medio por el cual GRUPO E4 comunicar\u00e1 a los titulares los cambios al Aviso de Privacidad<br \/>\nEn GRUPO E4, nos reservamos el derecho de efectuar en cualquier momento modificaciones o actualizaciones al presente Aviso, para la atenci\u00f3n de novedades legislativas o jurisprudenciales, pol\u00edticas internas, nuevos requerimientos para la prestaci\u00f3n u ofrecimiento de nuestros servicios o productos y pr\u00e1cticas del mercado.<br \/>\nEstas modificaciones estar\u00e1n disponibles al p\u00fablico a trav\u00e9s de nuestros sitios en Internet.<\/p>\n<p>VII.Datos Personales Sensibles<br \/>\nDesde siempre GRUPO E4 ha mantenido la discrecionalidad de todos sus datos y con motivo de la Ley, para aquellos que hemos clasificados como sensibles que refieren a su nombre, su domicilio, estado de salud, nivel de ingresos, recursos monetarios o activos, religi\u00f3n, historial crediticio, se han reforzado nuestras medidas de seguridad para seguir garantizando su confidencialidad.<\/p>\n<p>VIII.Datos Personales que recaba GRUPO E4 de forma directa del titular y aqu\u00e9llos que obtiene por mecanismos indirectos<br \/>\nEn GRUPO E4 podemos recabar sus Datos Personales de distintas formas: cuando usted nos los proporciona directamente; cuando visita nuestros sitios en Internet GRUPO E4, cuando utiliza nuestros servicios en l\u00ednea, y cuando obtenemos informaci\u00f3n a trav\u00e9s de otras fuentes que est\u00e1n permitidas por la ley.<\/p>\n<p>IX.Mecanismos y procedimientos para que, en su caso, revoque su consentimiento en cualquier momento<br \/>\nEn cualquier momento usted podr\u00e1 revocar el consentimiento que ha otorgado para el tratamiento de sus Datos Personales, para ello es necesario que lo solicite a la siguiente direcci\u00f3n electr\u00f3nica: grupoe4@prodigy.net.mx o en nuestros sitios en internet GRUPO E4, secci\u00f3n aviso de privacidad.<\/p>\n<p>X.Medidas de seguridad implementadas en GRUPO E4 para la protecci\u00f3n de los Datos Personales.<br \/>\nPara la protecci\u00f3n de sus datos personales GRUPO E4 mantiene medidas de seguridad de car\u00e1cter administrativo, f\u00edsico y tecnol\u00f3gico con el objeto de evitar p\u00e9rdidas, mal uso o alteraci\u00f3n de su informaci\u00f3n. Cuando comunicamos o compartimos su informaci\u00f3n con terceros que nos prestan alg\u00fan servicio, requerimos y verificamos que cuenten con las medidas de seguridad necesarias para proteger sus Datos Personales, prohibiendo el uso de su informaci\u00f3n personal para fines distintos a los establecidos en el presente Aviso. Asimismo esta prohibici\u00f3n la hacemos extensiva a todo el personal que labora para GRUPO E4.<\/p>\n<p>XI.Derecho de promover los procedimientos de protecci\u00f3n de derechos y de verificaci\u00f3n que sustancia el Instituto<br \/>\nSi usted considera que su derecho ha sido lesionado por alguna conducta de nuestros empleados o de nuestras actuaciones o respuestas, presume que en el tratamiento de sus Datos Personales existe alguna violaci\u00f3n a las disposiciones previstas en la Ley, podr\u00e1 interponer la queja o denuncia correspondiente ante la Unidad Especializada de Atenci\u00f3n a Usuarios a trav\u00e9s de un correo electr\u00f3nico a la direcci\u00f3n grupoe4@prodigy.net.mx o directamente al IFAI, para mayor informaci\u00f3n visite www.ifai.org.mx<\/p>\n<p>AUTORIZO A \u201cEMPRESA ESPECIALIZADA EN ENTRETENIMIENTOS, S.A. DE C.V.\u201d, A SUS EMPRESAS SUBSIDIARIAS O CONTROLADAS A UTILIZAR Y EN SU CASO TRANSFERIR MIS DATOS PERSONALES A TERCEROS NACIONALES O EXTRANJEROS PARA LOS FINES NECESARIOS.<\/p><\/div>\n<\/div>\n<\/div>\n","protected":false},"excerpt":{"rendered":"<p>Aviso Privacidad Es inter\u00e9s de Empresa Especializada en Entretenimientos, S.A. de C.V., de sus empresas subsidiarias o controladas (en lo sucesivo de manera conjunta o en lo individual \u201cGRUPO E4\u201d), dar cumplimiento a todos y cada uno de los ordenamientos legales que regulan su actividad, particularmente a lo dispuesto en la Ley Federal de Protecci\u00f3n [&hellip;]<\/p>\n","protected":false},"author":1,"featured_media":0,"parent":0,"menu_order":0,"comment_status":"closed","ping_status":"closed","template":"","meta":{"footnotes":""},"class_list":["post-2574","page","type-page","status-publish","hentry"],"yoast_head":"<!-- This site is optimized with the Yoast SEO plugin v25.1 - https:\/\/yoast.com\/wordpress\/plugins\/seo\/ -->\n<title>Aviso de Privacidad - Futbolitos M\u00e9xico<\/title>\n<meta name=\"robots\" content=\"index, follow, max-snippet:-1, max-image-preview:large, max-video-preview:-1\" \/>\n<link rel=\"canonical\" href=\"https:\/\/futbolitosmexico.com\/movil\/aviso-de-privacidad\/\" \/>\n<meta property=\"og:locale\" content=\"es_MX\" \/>\n<meta property=\"og:type\" content=\"article\" \/>\n<meta property=\"og:title\" content=\"Aviso de Privacidad - Futbolitos M\u00e9xico\" \/>\n<meta property=\"og:description\" content=\"Aviso Privacidad Es inter\u00e9s de Empresa Especializada en Entretenimientos, S.A. de C.V., de sus empresas subsidiarias o controladas (en lo sucesivo de manera conjunta o en lo individual \u201cGRUPO E4\u201d), dar cumplimiento a todos y cada uno de los ordenamientos legales que regulan su actividad, particularmente a lo dispuesto en la Ley Federal de Protecci\u00f3n [&hellip;]\" \/>\n<meta property=\"og:url\" content=\"https:\/\/futbolitosmexico.com\/movil\/aviso-de-privacidad\/\" \/>\n<meta property=\"og:site_name\" content=\"Futbolitos M\u00e9xico\" \/>\n<meta name=\"twitter:card\" content=\"summary_large_image\" \/>\n<meta name=\"twitter:label1\" content=\"Tiempo de lectura\" \/>\n\t<meta name=\"twitter:data1\" content=\"7 minutos\" \/>\n<script type=\"application\/ld+json\" class=\"yoast-schema-graph\">{\"@context\":\"https:\/\/schema.org\",\"@graph\":[{\"@type\":\"WebPage\",\"@id\":\"https:\/\/futbolitosmexico.com\/movil\/aviso-de-privacidad\/\",\"url\":\"https:\/\/futbolitosmexico.com\/movil\/aviso-de-privacidad\/\",\"name\":\"Aviso de Privacidad - Futbolitos M\u00e9xico\",\"isPartOf\":{\"@id\":\"https:\/\/futbolitosmexico.com\/movil\/#website\"},\"datePublished\":\"2020-07-17T21:27:40+00:00\",\"breadcrumb\":{\"@id\":\"https:\/\/futbolitosmexico.com\/movil\/aviso-de-privacidad\/#breadcrumb\"},\"inLanguage\":\"es\",\"potentialAction\":[{\"@type\":\"ReadAction\",\"target\":[\"https:\/\/futbolitosmexico.com\/movil\/aviso-de-privacidad\/\"]}]},{\"@type\":\"BreadcrumbList\",\"@id\":\"https:\/\/futbolitosmexico.com\/movil\/aviso-de-privacidad\/#breadcrumb\",\"itemListElement\":[{\"@type\":\"ListItem\",\"position\":1,\"name\":\"Inicio\",\"item\":\"https:\/\/futbolitosmexico.com\/movil\/\"},{\"@type\":\"ListItem\",\"position\":2,\"name\":\"Aviso de Privacidad\"}]},{\"@type\":\"WebSite\",\"@id\":\"https:\/\/futbolitosmexico.com\/movil\/#website\",\"url\":\"https:\/\/futbolitosmexico.com\/movil\/\",\"name\":\"Futbolitos M\u00e9xico\",\"description\":\"\",\"publisher\":{\"@id\":\"https:\/\/futbolitosmexico.com\/movil\/#organization\"},\"potentialAction\":[{\"@type\":\"SearchAction\",\"target\":{\"@type\":\"EntryPoint\",\"urlTemplate\":\"https:\/\/futbolitosmexico.com\/movil\/?s={search_term_string}\"},\"query-input\":{\"@type\":\"PropertyValueSpecification\",\"valueRequired\":true,\"valueName\":\"search_term_string\"}}],\"inLanguage\":\"es\"},{\"@type\":\"Organization\",\"@id\":\"https:\/\/futbolitosmexico.com\/movil\/#organization\",\"name\":\"Atomik\",\"url\":\"https:\/\/futbolitosmexico.com\/movil\/\",\"logo\":{\"@type\":\"ImageObject\",\"inLanguage\":\"es\",\"@id\":\"https:\/\/futbolitosmexico.com\/movil\/#\/schema\/logo\/image\/\",\"url\":\"https:\/\/futbolitosmexico.com\/movil\/wp-content\/uploads\/2018\/12\/logo_official.png\",\"contentUrl\":\"https:\/\/futbolitosmexico.com\/movil\/wp-content\/uploads\/2018\/12\/logo_official.png\",\"width\":240,\"height\":120,\"caption\":\"Atomik\"},\"image\":{\"@id\":\"https:\/\/futbolitosmexico.com\/movil\/#\/schema\/logo\/image\/\"}}]}<\/script>\n<!-- \/ Yoast SEO plugin. -->","yoast_head_json":{"title":"Aviso de Privacidad - Futbolitos M\u00e9xico","robots":{"index":"index","follow":"follow","max-snippet":"max-snippet:-1","max-image-preview":"max-image-preview:large","max-video-preview":"max-video-preview:-1"},"canonical":"https:\/\/futbolitosmexico.com\/movil\/aviso-de-privacidad\/","og_locale":"es_MX","og_type":"article","og_title":"Aviso de Privacidad - Futbolitos M\u00e9xico","og_description":"Aviso Privacidad Es inter\u00e9s de Empresa Especializada en Entretenimientos, S.A. de C.V., de sus empresas subsidiarias o controladas (en lo sucesivo de manera conjunta o en lo individual \u201cGRUPO E4\u201d), dar cumplimiento a todos y cada uno de los ordenamientos legales que regulan su actividad, particularmente a lo dispuesto en la Ley Federal de Protecci\u00f3n [&hellip;]","og_url":"https:\/\/futbolitosmexico.com\/movil\/aviso-de-privacidad\/","og_site_name":"Futbolitos M\u00e9xico","twitter_card":"summary_large_image","twitter_misc":{"Tiempo de lectura":"7 minutos"},"schema":{"@context":"https:\/\/schema.org","@graph":[{"@type":"WebPage","@id":"https:\/\/futbolitosmexico.com\/movil\/aviso-de-privacidad\/","url":"https:\/\/futbolitosmexico.com\/movil\/aviso-de-privacidad\/","name":"Aviso de Privacidad - Futbolitos M\u00e9xico","isPartOf":{"@id":"https:\/\/futbolitosmexico.com\/movil\/#website"},"datePublished":"2020-07-17T21:27:40+00:00","breadcrumb":{"@id":"https:\/\/futbolitosmexico.com\/movil\/aviso-de-privacidad\/#breadcrumb"},"inLanguage":"es","potentialAction":[{"@type":"ReadAction","target":["https:\/\/futbolitosmexico.com\/movil\/aviso-de-privacidad\/"]}]},{"@type":"BreadcrumbList","@id":"https:\/\/futbolitosmexico.com\/movil\/aviso-de-privacidad\/#breadcrumb","itemListElement":[{"@type":"ListItem","position":1,"name":"Inicio","item":"https:\/\/futbolitosmexico.com\/movil\/"},{"@type":"ListItem","position":2,"name":"Aviso de Privacidad"}]},{"@type":"WebSite","@id":"https:\/\/futbolitosmexico.com\/movil\/#website","url":"https:\/\/futbolitosmexico.com\/movil\/","name":"Futbolitos M\u00e9xico","description":"","publisher":{"@id":"https:\/\/futbolitosmexico.com\/movil\/#organization"},"potentialAction":[{"@type":"SearchAction","target":{"@type":"EntryPoint","urlTemplate":"https:\/\/futbolitosmexico.com\/movil\/?s={search_term_string}"},"query-input":{"@type":"PropertyValueSpecification","valueRequired":true,"valueName":"search_term_string"}}],"inLanguage":"es"},{"@type":"Organization","@id":"https:\/\/futbolitosmexico.com\/movil\/#organization","name":"Atomik","url":"https:\/\/futbolitosmexico.com\/movil\/","logo":{"@type":"ImageObject","inLanguage":"es","@id":"https:\/\/futbolitosmexico.com\/movil\/#\/schema\/logo\/image\/","url":"https:\/\/futbolitosmexico.com\/movil\/wp-content\/uploads\/2018\/12\/logo_official.png","contentUrl":"https:\/\/futbolitosmexico.com\/movil\/wp-content\/uploads\/2018\/12\/logo_official.png","width":240,"height":120,"caption":"Atomik"},"image":{"@id":"https:\/\/futbolitosmexico.com\/movil\/#\/schema\/logo\/image\/"}}]}},"_links":{"self":[{"href":"https:\/\/futbolitosmexico.com\/movil\/wp-json\/wp\/v2\/pages\/2574","targetHints":{"allow":["GET"]}}],"collection":[{"href":"https:\/\/futbolitosmexico.com\/movil\/wp-json\/wp\/v2\/pages"}],"about":[{"href":"https:\/\/futbolitosmexico.com\/movil\/wp-json\/wp\/v2\/types\/page"}],"author":[{"embeddable":true,"href":"https:\/\/futbolitosmexico.com\/movil\/wp-json\/wp\/v2\/users\/1"}],"replies":[{"embeddable":true,"href":"https:\/\/futbolitosmexico.com\/movil\/wp-json\/wp\/v2\/comments?post=2574"}],"version-history":[{"count":1,"href":"https:\/\/futbolitosmexico.com\/movil\/wp-json\/wp\/v2\/pages\/2574\/revisions"}],"predecessor-version":[{"id":2575,"href":"https:\/\/futbolitosmexico.com\/movil\/wp-json\/wp\/v2\/pages\/2574\/revisions\/2575"}],"wp:attachment":[{"href":"https:\/\/futbolitosmexico.com\/movil\/wp-json\/wp\/v2\/media?parent=2574"}],"curies":[{"name":"wp","href":"https:\/\/api.w.org\/{rel}","templated":true}]}}